{"id":116,"date":"2018-06-06T10:53:31","date_gmt":"2018-06-06T08:53:31","guid":{"rendered":"https:\/\/christabot.ch\/ethik\/?page_id=116"},"modified":"2023-05-04T15:22:58","modified_gmt":"2023-05-04T13:22:58","slug":"beratung","status":"publish","type":"page","link":"https:\/\/christabot.ch\/therapie\/beratung\/","title":{"rendered":"Beratung"},"content":{"rendered":"<p>[et_pb_section fb_built=&#8220;1&#8243; fullwidth=&#8220;on&#8220; _builder_version=&#8220;3.7&#8243; global_module=&#8220;135&#8243; global_colors_info=&#8220;{}&#8220;][et_pb_fullwidth_image src=&#8220;https:\/\/christabot.ch\/ethik\/wp-content\/uploads\/sites\/2\/2018\/06\/Header-schmal.jpg&#8220; admin_label=&#8220;Header Bild&#8220; _builder_version=&#8220;4.16&#8243; global_colors_info=&#8220;{}&#8220;][\/et_pb_fullwidth_image][\/et_pb_section][et_pb_section fb_built=&#8220;1&#8243; _builder_version=&#8220;4.16&#8243; global_colors_info=&#8220;{}&#8220;][et_pb_row _builder_version=&#8220;4.16&#8243; global_colors_info=&#8220;{}&#8220;][et_pb_column type=&#8220;4_4&#8243; _builder_version=&#8220;4.16&#8243; custom_padding=&#8220;|||&#8220; global_colors_info=&#8220;{}&#8220; custom_padding__hover=&#8220;|||&#8220;][et_pb_text admin_label=&#8220;\u00dcberschrift H1&#8243; _builder_version=&#8220;4.16&#8243; global_colors_info=&#8220;{}&#8220;]<\/p>\n<h1>Beratung<\/h1>\n<p>[\/et_pb_text][et_pb_text admin_label=&#8220;Einleitung&#8220; module_class=&#8220;text-big&#8220; _builder_version=&#8220;4.16&#8243; global_colors_info=&#8220;{}&#8220;]<\/p>\n<p><span>In der psychologischen Beratung werden in einem zeitlich definierten Rahmen von Ihnen eingebrachte Anliegen bearbeitet. Der Fokus liegt dabei auf dem Finden von L\u00f6sungen, die Sie anschliessend selbst\u00e4ndig umsetzen k\u00f6nnen<\/span>.<\/p>\n<p>[\/et_pb_text][et_pb_text _builder_version=&#8220;4.16&#8243; global_colors_info=&#8220;{}&#8220;]<\/p>\n<p><span>Sie geben den Rahmen vor \u2013 Im Gegensatz zur Psychotherapie wird bei der Beratung eine Anzahl an Beratungsstunden festgelegt und versucht in diesem Zeitrahmen L\u00f6sungswege zu entwickeln, die Sie direkt anwenden k\u00f6nnen. Es werden die Themen und Ziele bearbeitet, die Sie einbringen. In einer Beratung werden keine Heilmethoden eingesetzt, dies w\u00e4re dann eine <strong><a href=\"https:\/\/christabot.ch\/therapie\/therapie\/\">Therapie<\/a><\/strong>.<\/span><\/p>\n<p>[\/et_pb_text][\/et_pb_column][\/et_pb_row][et_pb_row _builder_version=&#8220;4.16&#8243; global_colors_info=&#8220;{}&#8220;][et_pb_column type=&#8220;4_4&#8243; _builder_version=&#8220;4.16&#8243; custom_padding=&#8220;|||&#8220; global_colors_info=&#8220;{}&#8220; custom_padding__hover=&#8220;|||&#8220;][et_pb_divider color=&#8220;#606060&#8243; _builder_version=&#8220;4.16&#8243; global_colors_info=&#8220;{}&#8220;][\/et_pb_divider][\/et_pb_column][\/et_pb_row][et_pb_row _builder_version=&#8220;4.16&#8243; custom_padding=&#8220;24px|0px|0|0px|false|false&#8220; global_colors_info=&#8220;{}&#8220;][et_pb_column type=&#8220;4_4&#8243; _builder_version=&#8220;4.16&#8243; custom_padding=&#8220;|||&#8220; global_colors_info=&#8220;{}&#8220; custom_padding__hover=&#8220;|||&#8220;][et_pb_text admin_label=&#8220;\u00dcberschrift H2&#8243; _builder_version=&#8220;4.16&#8243; global_colors_info=&#8220;{}&#8220;]<\/p>\n<h2>Die Beratung richtet sich an<\/h2>\n<p>[\/et_pb_text][et_pb_text _builder_version=&#8220;4.16&#8243; global_colors_info=&#8220;{}&#8220;]<\/p>\n<ul>\n<li>Einzelpersonen<\/li>\n<li>Familien<\/li>\n<li>Paare<\/li>\n<\/ul>\n<p>[\/et_pb_text][\/et_pb_column][\/et_pb_row][et_pb_row _builder_version=&#8220;4.16&#8243; global_colors_info=&#8220;{}&#8220;][et_pb_column type=&#8220;4_4&#8243; _builder_version=&#8220;4.16&#8243; custom_padding=&#8220;|||&#8220; global_colors_info=&#8220;{}&#8220; custom_padding__hover=&#8220;|||&#8220;][et_pb_divider color=&#8220;#606060&#8243; _builder_version=&#8220;4.16&#8243; global_colors_info=&#8220;{}&#8220;][\/et_pb_divider][\/et_pb_column][\/et_pb_row][et_pb_row _builder_version=&#8220;4.16&#8243; global_colors_info=&#8220;{}&#8220;][et_pb_column type=&#8220;4_4&#8243; _builder_version=&#8220;4.16&#8243; custom_padding=&#8220;|||&#8220; global_colors_info=&#8220;{}&#8220; custom_padding__hover=&#8220;|||&#8220;][et_pb_text _builder_version=&#8220;4.16&#8243; global_colors_info=&#8220;{}&#8220;]<\/p>\n<h2>Preise<\/h2>\n<p>[\/et_pb_text][et_pb_text _builder_version=&#8220;4.16&#8243; global_colors_info=&#8220;{}&#8220;]<\/p>\n<div class=\"et_pb_module et_pb_text et_pb_text_8  et_pb_text_align_left et_pb_bg_layout_light\">\n<div class=\"et_pb_text_inner\">\n<h4>Einzelsitzung<\/h4>\n<p>CHF 180.\u2013 pro Therapiestunde (55 Min.) (Vor- und Nachbereitung sind im Tarif inbegriffen)<\/p>\n<p>Auf Wunsch sind l\u00e4ngere Therapiesitzungen m\u00f6glich.<\/p>\n<h4>Paar- oder Familiensitzung<\/h4>\n<p>CHF 210.\u2013 pro Sitzung (55 Min.) (Vor- und Nachbereitung sind im Tarif inbegriffen)<\/p>\n<p>Auf Wunsch ist eine andere Sitzungsdauer m\u00f6glich.<\/p>\n<p>Terminannullierung:<br \/>Vereinbarte Termine k\u00f6nnen ohne Kostenfolge bis mindestens 24 Stunden im Voraus von Montag bis Freitag (ausgenommen sind Feiertage) annulliert werden.<\/p>\n<\/div>\n<\/div>\n<p>[\/et_pb_text][\/et_pb_column][\/et_pb_row][et_pb_row _builder_version=&#8220;4.16&#8243; global_colors_info=&#8220;{}&#8220;][et_pb_column type=&#8220;4_4&#8243; _builder_version=&#8220;4.16&#8243; custom_padding=&#8220;|||&#8220; global_colors_info=&#8220;{}&#8220; custom_padding__hover=&#8220;|||&#8220;][et_pb_divider color=&#8220;#606060&#8243; _builder_version=&#8220;4.16&#8243; global_colors_info=&#8220;{}&#8220;][\/et_pb_divider][\/et_pb_column][\/et_pb_row][et_pb_row _builder_version=&#8220;4.16&#8243; background_color=&#8220;#f5f5f5&#8243; custom_margin=&#8220;20px||20px|&#8220; custom_padding=&#8220;30px||30px|&#8220; global_colors_info=&#8220;{}&#8220;][et_pb_column type=&#8220;4_4&#8243; _builder_version=&#8220;4.16&#8243; custom_padding=&#8220;|||&#8220; global_colors_info=&#8220;{}&#8220; custom_padding__hover=&#8220;|||&#8220;][et_pb_text _builder_version=&#8220;4.16&#8243; global_colors_info=&#8220;{}&#8220;]<\/p>\n<p style=\"text-align: center;\">Kontaktieren Sie mich bei Interesse.<\/p>\n<p>[\/et_pb_text][et_pb_button button_url=&#8220;https:\/\/christabot.ch\/therapie\/kontakt\/&#8220; button_text=&#8220;Kontakt&#8220; button_alignment=&#8220;center&#8220; _builder_version=&#8220;4.16&#8243; custom_margin=&#8220;|||&#8220; global_colors_info=&#8220;{}&#8220; button_text_size__hover_enabled=&#8220;off&#8220; button_one_text_size__hover_enabled=&#8220;off&#8220; button_two_text_size__hover_enabled=&#8220;off&#8220; button_text_color__hover_enabled=&#8220;off&#8220; button_one_text_color__hover_enabled=&#8220;off&#8220; button_two_text_color__hover_enabled=&#8220;off&#8220; button_border_width__hover_enabled=&#8220;off&#8220; button_one_border_width__hover_enabled=&#8220;off&#8220; button_two_border_width__hover_enabled=&#8220;off&#8220; button_border_color__hover_enabled=&#8220;off&#8220; button_one_border_color__hover_enabled=&#8220;off&#8220; button_two_border_color__hover_enabled=&#8220;off&#8220; button_border_radius__hover_enabled=&#8220;off&#8220; button_one_border_radius__hover_enabled=&#8220;off&#8220; button_two_border_radius__hover_enabled=&#8220;off&#8220; button_letter_spacing__hover_enabled=&#8220;off&#8220; button_one_letter_spacing__hover_enabled=&#8220;off&#8220; button_two_letter_spacing__hover_enabled=&#8220;off&#8220; button_bg_color__hover_enabled=&#8220;off&#8220; button_one_bg_color__hover_enabled=&#8220;off&#8220; button_two_bg_color__hover_enabled=&#8220;off&#8220;][\/et_pb_button][\/et_pb_column][\/et_pb_row][\/et_pb_section]<\/p>\n","protected":false},"excerpt":{"rendered":"<p>BeratungIn der psychologischen Beratung werden in einem zeitlich definierten Rahmen von Ihnen eingebrachte Anliegen bearbeitet. Der Fokus liegt dabei auf dem Finden von L\u00f6sungen, die Sie anschliessend selbst\u00e4ndig umsetzen k\u00f6nnen.Sie geben den Rahmen vor \u2013 Im Gegensatz zur Psychotherapie wird bei der Beratung eine Anzahl an Beratungsstunden festgelegt und versucht in diesem Zeitrahmen L\u00f6sungswege zu [&hellip;]<\/p>\n","protected":false},"author":3,"featured_media":0,"parent":0,"menu_order":0,"comment_status":"closed","ping_status":"closed","template":"","meta":{"_et_pb_use_builder":"on","_et_pb_old_content":"","_et_gb_content_width":"","footnotes":""},"class_list":["post-116","page","type-page","status-publish","hentry"],"_links":{"self":[{"href":"https:\/\/christabot.ch\/therapie\/wp-json\/wp\/v2\/pages\/116","targetHints":{"allow":["GET"]}}],"collection":[{"href":"https:\/\/christabot.ch\/therapie\/wp-json\/wp\/v2\/pages"}],"about":[{"href":"https:\/\/christabot.ch\/therapie\/wp-json\/wp\/v2\/types\/page"}],"author":[{"embeddable":true,"href":"https:\/\/christabot.ch\/therapie\/wp-json\/wp\/v2\/users\/3"}],"replies":[{"embeddable":true,"href":"https:\/\/christabot.ch\/therapie\/wp-json\/wp\/v2\/comments?post=116"}],"version-history":[{"count":5,"href":"https:\/\/christabot.ch\/therapie\/wp-json\/wp\/v2\/pages\/116\/revisions"}],"predecessor-version":[{"id":417,"href":"https:\/\/christabot.ch\/therapie\/wp-json\/wp\/v2\/pages\/116\/revisions\/417"}],"wp:attachment":[{"href":"https:\/\/christabot.ch\/therapie\/wp-json\/wp\/v2\/media?parent=116"}],"curies":[{"name":"wp","href":"https:\/\/api.w.org\/{rel}","templated":true}]}}