{"id":2,"date":"2018-05-28T09:22:50","date_gmt":"2018-05-28T07:22:50","guid":{"rendered":"https:\/\/christabot.ch\/ethik\/?page_id=2"},"modified":"2018-09-16T19:29:10","modified_gmt":"2018-09-16T17:29:10","slug":"start","status":"publish","type":"page","link":"https:\/\/christabot.ch\/familie-und-erziehung\/","title":{"rendered":"Start"},"content":{"rendered":"<p>[et_pb_section fb_built=&#8220;1&#8243; module_class=&#8220;hero&#8220; _builder_version=&#8220;3.7&#8243; background_image=&#8220;https:\/\/christabot.ch\/familie-und-erziehung\/wp-content\/uploads\/sites\/6\/2018\/06\/Header-Familie.jpg&#8220; custom_padding=&#8220;|||&#8220;][et_pb_row use_custom_width=&#8220;on&#8220; width_unit=&#8220;off&#8220; custom_width_percent=&#8220;100%&#8220; custom_padding=&#8220;|||&#8220; make_equal=&#8220;on&#8220; _builder_version=&#8220;3.4.1&#8243;][et_pb_column type=&#8220;4_4&#8243; _builder_version=&#8220;3.4.1&#8243; parallax=&#8220;off&#8220; parallax_method=&#8220;on&#8220;][et_pb_text _builder_version=&#8220;3.4.1&#8243; text_font=&#8220;|300||on|||||&#8220; text_font_size=&#8220;40px&#8220; text_letter_spacing=&#8220;2px&#8220; text_line_height=&#8220;1.4em&#8220; header_font=&#8220;||||||||&#8220; text_orientation=&#8220;center&#8220; background_layout=&#8220;dark&#8220; module_alignment=&#8220;center&#8220;]<\/p>\n<p>die Familie ist der ort an dem alles beginnt<\/p>\n<p>[\/et_pb_text][\/et_pb_column][\/et_pb_row][\/et_pb_section][et_pb_section fb_built=&#8220;1&#8243; _builder_version=&#8220;3.4.1&#8243;][et_pb_row _builder_version=&#8220;3.4.1&#8243;][et_pb_column type=&#8220;4_4&#8243; _builder_version=&#8220;3.4.1&#8243; parallax=&#8220;off&#8220; parallax_method=&#8220;on&#8220;][et_pb_text _builder_version=&#8220;3.4.1&#8243; text_font=&#8220;||||||||&#8220; text_orientation=&#8220;center&#8220;]<\/p>\n<h1>zusammen sind wir stark<\/h1>\n<p>[\/et_pb_text][et_pb_text module_class=&#8220;text-big&#8220; _builder_version=&#8220;3.4.1&#8243; text_font=&#8220;||||||||&#8220; text_font_size=&#8220;22px&#8220; header_font=&#8220;||||||||&#8220; text_orientation=&#8220;center&#8220;]<\/p>\n<p>Eine Familie kann grosse St\u00e4rken wie auch grosse Schw\u00e4chen darstellen.\u00a0Der richtige Umgang miteinander l\u00e4sst die Potentiale dieser Gemeinschaft entfalten.<\/p>\n<p>[\/et_pb_text][et_pb_text _builder_version=&#8220;3.4.1&#8243; text_font=&#8220;||||||||&#8220; text_orientation=&#8220;center&#8220;]<\/p>\n<p>Mit einer fachlichen Unterst\u00fctzung k\u00f6nnen Konflikte gel\u00f6st und Beziehungen verbessert werden. Ein konstruktiver und bewusster Umgang miteinander kann man antrainieren, sodass die gew\u00fcnschten Resultate organisch und ganz nat\u00fcrlich erreicht werden.\u00a0<\/p>\n<p>[\/et_pb_text][\/et_pb_column][\/et_pb_row][et_pb_row _builder_version=&#8220;3.7&#8243;][et_pb_column type=&#8220;4_4&#8243; _builder_version=&#8220;3.0.47&#8243; parallax=&#8220;off&#8220; parallax_method=&#8220;on&#8220;][et_pb_divider color=&#8220;#606060&#8243; _builder_version=&#8220;3.7&#8243;][\/et_pb_divider][\/et_pb_column][\/et_pb_row][et_pb_row _builder_version=&#8220;3.4.1&#8243;][et_pb_column type=&#8220;4_4&#8243; _builder_version=&#8220;3.4.1&#8243; parallax=&#8220;off&#8220; parallax_method=&#8220;on&#8220;][et_pb_text _builder_version=&#8220;3.4.1&#8243; text_font=&#8220;||||||||&#8220; text_orientation=&#8220;center&#8220;]<\/p>\n<h2>Erziehungsberatung<\/h2>\n<p>[\/et_pb_text][et_pb_text _builder_version=&#8220;3.4.1&#8243; text_font=&#8220;||||||||&#8220; text_orientation=&#8220;center&#8220;]<\/p>\n<p>Wenn es um unsere Kinder geht, werden wir oft selber zu Lernenden. Das Erziehen eines Kindes \/\u00a0<span>Jugendlichen<\/span>\u00a0birgt manche Herausforderungen. Theorien und Methoden gibt es viele, nur welche sind die geeigneten f\u00fcr Sie?<\/p>\n<p>In der individuellen Erziehungsberatung wird gemeinsam untersucht, wo bessere Umgangsformen gepflegt und neue Ans\u00e4tze verfolgt werden k\u00f6nnen, um die positive Entwicklung des Kindes \/\u00a0<span>Jugendlichen<\/span> zu f\u00f6rdern.<\/p>\n<p>[\/et_pb_text][et_pb_button button_url=&#8220;https:\/\/christabot.ch\/familie-und-erziehung\/erziehungsberatung\/&#8220; button_text=&#8220;Weiter&#8220; button_alignment=&#8220;center&#8220; _builder_version=&#8220;3.10.2&#8243; custom_margin=&#8220;26px|||&#8220;][\/et_pb_button][\/et_pb_column][\/et_pb_row][et_pb_row _builder_version=&#8220;3.7&#8243;][et_pb_column type=&#8220;4_4&#8243; _builder_version=&#8220;3.0.47&#8243; parallax=&#8220;off&#8220; parallax_method=&#8220;on&#8220;][et_pb_divider color=&#8220;#606060&#8243; _builder_version=&#8220;3.7&#8243;][\/et_pb_divider][\/et_pb_column][\/et_pb_row][et_pb_row _builder_version=&#8220;3.4.1&#8243;][et_pb_column type=&#8220;4_4&#8243; _builder_version=&#8220;3.4.1&#8243; parallax=&#8220;off&#8220; parallax_method=&#8220;on&#8220;][et_pb_text _builder_version=&#8220;3.4.1&#8243; text_font=&#8220;||||||||&#8220; text_orientation=&#8220;center&#8220;]<\/p>\n<h2>Familiencoaching<\/h2>\n<p>[\/et_pb_text][et_pb_text _builder_version=&#8220;3.4.1&#8243; text_font=&#8220;||||||||&#8220; text_orientation=&#8220;center&#8220;]<\/p>\n<p>Eine gesunde Familiendynamik kann grosse St\u00e4rken entfalten und gegenseitig unterst\u00fctzen.\u00a0 Das Zusammenleben in der Gemeinschaft kann jedoch auch destruktiv wirken und Mitglieder belasten. Um Klarheit \u00fcber die Situation zu schaffen und Konflikte zu analysieren, werden im Familiencoaching in einem respektvollen Rahmen gemeinsam Bed\u00fcrfnisse gekl\u00e4rt und L\u00f6sungen gefunden.<\/p>\n<p>[\/et_pb_text][et_pb_button button_url=&#8220;https:\/\/christabot.ch\/familie-und-erziehung\/familiencoaching\/&#8220; button_text=&#8220;Weiter&#8220; button_alignment=&#8220;center&#8220; _builder_version=&#8220;3.10.2&#8243; custom_margin=&#8220;26px|||&#8220;][\/et_pb_button][\/et_pb_column][\/et_pb_row][\/et_pb_section]<\/p>\n","protected":false},"excerpt":{"rendered":"<p>die Familie ist der ort an dem alles beginntzusammen sind wir starkEine Familie kann grosse St\u00e4rken wie auch grosse Schw\u00e4chen darstellen.\u00a0Der richtige Umgang miteinander l\u00e4sst die Potentiale dieser Gemeinschaft entfalten.Mit einer fachlichen Unterst\u00fctzung k\u00f6nnen Konflikte gel\u00f6st und Beziehungen verbessert werden. Ein konstruktiver und bewusster Umgang miteinander kann man antrainieren, sodass die gew\u00fcnschten Resultate organisch und [&hellip;]<\/p>\n","protected":false},"author":3,"featured_media":0,"parent":0,"menu_order":0,"comment_status":"closed","ping_status":"open","template":"","meta":{"_et_pb_use_builder":"on","_et_pb_old_content":"","_et_gb_content_width":"","footnotes":""},"class_list":["post-2","page","type-page","status-publish","hentry"],"_links":{"self":[{"href":"https:\/\/christabot.ch\/familie-und-erziehung\/wp-json\/wp\/v2\/pages\/2","targetHints":{"allow":["GET"]}}],"collection":[{"href":"https:\/\/christabot.ch\/familie-und-erziehung\/wp-json\/wp\/v2\/pages"}],"about":[{"href":"https:\/\/christabot.ch\/familie-und-erziehung\/wp-json\/wp\/v2\/types\/page"}],"author":[{"embeddable":true,"href":"https:\/\/christabot.ch\/familie-und-erziehung\/wp-json\/wp\/v2\/users\/3"}],"replies":[{"embeddable":true,"href":"https:\/\/christabot.ch\/familie-und-erziehung\/wp-json\/wp\/v2\/comments?post=2"}],"version-history":[{"count":0,"href":"https:\/\/christabot.ch\/familie-und-erziehung\/wp-json\/wp\/v2\/pages\/2\/revisions"}],"wp:attachment":[{"href":"https:\/\/christabot.ch\/familie-und-erziehung\/wp-json\/wp\/v2\/media?parent=2"}],"curies":[{"name":"wp","href":"https:\/\/api.w.org\/{rel}","templated":true}]}}