{"id":56,"date":"2018-05-28T17:01:15","date_gmt":"2018-05-28T15:01:15","guid":{"rendered":"https:\/\/christabot.ch\/ethik\/?page_id=56"},"modified":"2018-09-27T22:37:24","modified_gmt":"2018-09-27T20:37:24","slug":"person","status":"publish","type":"page","link":"https:\/\/christabot.ch\/ethik\/person\/","title":{"rendered":"Person"},"content":{"rendered":"<p>[et_pb_section fb_built=&#8220;1&#8243; fullwidth=&#8220;on&#8220; _builder_version=&#8220;3.4.1&#8243;][et_pb_fullwidth_image src=&#8220;https:\/\/christabot.ch\/ethik\/wp-content\/uploads\/sites\/2\/2018\/06\/Header-schmal.jpg&#8220; admin_label=&#8220;Header Bild&#8220; _builder_version=&#8220;3.4.1&#8243;][\/et_pb_fullwidth_image][\/et_pb_section][et_pb_section fb_built=&#8220;1&#8243; admin_label=&#8220;Sektion&#8220; _builder_version=&#8220;3.0.47&#8243;][et_pb_row admin_label=&#8220;Zeile&#8220; _builder_version=&#8220;3.0.47&#8243; background_size=&#8220;initial&#8220; background_position=&#8220;top_left&#8220; background_repeat=&#8220;repeat&#8220;][et_pb_column type=&#8220;4_4&#8243; _builder_version=&#8220;3.0.47&#8243; parallax=&#8220;off&#8220; parallax_method=&#8220;on&#8220;][et_pb_text admin_label=&#8220;H1 Person&#8220; _builder_version=&#8220;3.4.1&#8243; background_size=&#8220;initial&#8220; background_position=&#8220;top_left&#8220; background_repeat=&#8220;repeat&#8220;]<\/p>\n<h1>Person<\/h1>\n<p>[\/et_pb_text][\/et_pb_column][\/et_pb_row][et_pb_row _builder_version=&#8220;3.4.1&#8243;][et_pb_column type=&#8220;2_3&#8243; _builder_version=&#8220;3.4.1&#8243; parallax=&#8220;off&#8220; parallax_method=&#8220;on&#8220;][et_pb_image src=&#8220;https:\/\/christabot.ch\/ethik\/wp-content\/uploads\/sites\/2\/2018\/06\/Christa-Bot.jpg&#8220; always_center_on_mobile=&#8220;off&#8220; _builder_version=&#8220;3.4.1&#8243;][\/et_pb_image][\/et_pb_column][et_pb_column type=&#8220;1_3&#8243; _builder_version=&#8220;3.4.1&#8243; parallax=&#8220;off&#8220; parallax_method=&#8220;on&#8220;][et_pb_text admin_label=&#8220;H2 Christa Bot&#8220; _builder_version=&#8220;3.4.1&#8243;]<\/p>\n<h2 class=\"p1\">Christa Bot<\/h2>\n<p>[\/et_pb_text][et_pb_text admin_label=&#8220;H3 \u00dcberschrift &#8220; _builder_version=&#8220;3.4.1&#8243; custom_margin=&#8220;||30px|&#8220;]<\/p>\n<h3>Fachperson f\u00fcr Ethik<\/h3>\n<p>[\/et_pb_text][et_pb_blurb title=&#8220;Master in Angewandte Ethik&#8220; use_icon=&#8220;on&#8220; font_icon=&#8220;%%202%%&#8220; icon_placement=&#8220;left&#8220; _builder_version=&#8220;3.4.1&#8243; header_font=&#8220;||||||||&#8220;]<\/p>\n<p>an der Katholischen Hochschule Freiburg i.B.<\/p>\n<p>[\/et_pb_blurb][\/et_pb_column][\/et_pb_row][et_pb_row _builder_version=&#8220;3.7.1&#8243;][et_pb_column type=&#8220;4_4&#8243; _builder_version=&#8220;3.7.1&#8243; parallax=&#8220;off&#8220; parallax_method=&#8220;on&#8220;][et_pb_text _builder_version=&#8220;3.7.1&#8243;]<\/p>\n<p>In meiner Laufbahn als Beraterin, Therapeutin, Projektleiterin und Dozentin habe ich meine Kompetenzen in den drei Hauptbereichen \u00ab<a href=\"https:\/\/christabot.ch\/ethik\" target=\"_blank\" rel=\"noopener noreferrer\">Ethik<\/a>\u00bb \u00ab<a href=\"https:\/\/christabot.ch\/therapie\/\" target=\"_blank\" rel=\"noopener noreferrer\">Therapie<\/a>\u00bb und \u00ab<a href=\"https:\/\/christabot.ch\/familie-und-erziehung\/\" target=\"_blank\" rel=\"noopener noreferrer\">Familie und Erziehung<\/a>\u00bb vertieft. Mit diesem Spektrum an Erfahrung ist es mir m\u00f6glich Zusammenh\u00e4nge zu erkennen und ein tieferes Verst\u00e4ndnis der Situation zu erhalten.<\/p>\n<p>Sehen Sie meine <strong><a href=\"https:\/\/christabot.ch\">weiteren Leistungen.<\/a><\/strong><\/p>\n<p>[\/et_pb_text][\/et_pb_column][\/et_pb_row][et_pb_row _builder_version=&#8220;3.4.1&#8243;][et_pb_column type=&#8220;4_4&#8243; _builder_version=&#8220;3.4.1&#8243; parallax=&#8220;off&#8220; parallax_method=&#8220;on&#8220;][et_pb_divider color=&#8220;#999999&#8243; _builder_version=&#8220;3.4.1&#8243;][\/et_pb_divider][\/et_pb_column][\/et_pb_row][et_pb_row _builder_version=&#8220;3.4.1&#8243;][et_pb_column type=&#8220;4_4&#8243; _builder_version=&#8220;3.4.1&#8243; parallax=&#8220;off&#8220; parallax_method=&#8220;on&#8220;][et_pb_text admin_label=&#8220;H2 T\u00e4tigkeiten&#8220; _builder_version=&#8220;3.4.1&#8243;]<\/p>\n<h2>T\u00e4tigkeiten<\/h2>\n<p>[\/et_pb_text][et_pb_text admin_label=&#8220;Text&#8220; _builder_version=&#8220;3.4.1&#8243;]<\/p>\n<ul>\n<li>Beratung in angewandter Ethik f\u00fcr Einzelpersonen und Institutionen<\/li>\n<li>Familiencoach\/Abkl\u00e4rungen<\/li>\n<li>Dozentin an der FHNW Olten: <a href=\"https:\/\/www.fhnw.ch\/de\/weiterbildung\/wirtschaft\/ethik-freiwilligenarbeit\">Ethik in der Freiwilligenarbeit<\/a> \/ <a href=\"https:\/\/www.fhnw.ch\/de\/weiterbildung\/wirtschaft\/zusammenarbeit-mandatstragenden\">Private Mandatstragende<\/a><\/li>\n<li>Beratung und Therapie mit Schwerpunkte: Suchtbereich, Erziehungsberatung, Paarberatung, Familiencoaching<\/li>\n<li>Projektleiterin in der Pr\u00e4vention und Gesundheitsf\u00f6rderung<\/li>\n<\/ul>\n<p>[\/et_pb_text][\/et_pb_column][\/et_pb_row][et_pb_row _builder_version=&#8220;3.4.1&#8243;][et_pb_column type=&#8220;4_4&#8243; _builder_version=&#8220;3.4.1&#8243; parallax=&#8220;off&#8220; parallax_method=&#8220;on&#8220;][et_pb_text admin_label=&#8220;H2 Ehrenamtlich&#8220; _builder_version=&#8220;3.4.1&#8243;]<\/p>\n<h2>Ehrenamtlich<\/h2>\n<p>[\/et_pb_text][et_pb_text _builder_version=&#8220;3.4.1&#8243;]<\/p>\n<ul>\n<li>Freiwilligenengagement im Fl\u00fcchtlingsbereich, als Private Mandatstr\u00e4gerin und im gesellschaftspolitischen Bereich<\/li>\n<\/ul>\n<p>[\/et_pb_text][\/et_pb_column][\/et_pb_row][et_pb_row _builder_version=&#8220;3.4.1&#8243;][et_pb_column type=&#8220;4_4&#8243; _builder_version=&#8220;3.4.1&#8243; parallax=&#8220;off&#8220; parallax_method=&#8220;on&#8220;][et_pb_text admin_label=&#8220;H2 Ausbildung&#8220; _builder_version=&#8220;3.4.1&#8243;]<\/p>\n<h2>Ausbildung<\/h2>\n<p>[\/et_pb_text][et_pb_text _builder_version=&#8220;3.4.1&#8243;]<\/p>\n<ul>\n<li>Masterstudium in Angewandter Ethik im Gesundheits- und Sozialwesen\/Fu\u0308hrung und Management an der Katholischen Hochschule Freiburg i.B.<\/li>\n<li>Diplompsychologin FH an der ZHAW, Institut f\u00fcr Angewandte Psychologie IAP<\/li>\n<li>Ausbildung als Psychotherapeutin am \u00d6kologisch-Systemischen Institut Zu\u0308rich<\/li>\n<\/ul>\n<p>[\/et_pb_text][\/et_pb_column][\/et_pb_row][et_pb_row custom_padding=&#8220;24px|0px|0|0px|false|false&#8220; _builder_version=&#8220;3.4.1&#8243;][et_pb_column type=&#8220;4_4&#8243; _builder_version=&#8220;3.4.1&#8243; parallax=&#8220;off&#8220; parallax_method=&#8220;on&#8220;][et_pb_text admin_label=&#8220;H2 Qualit\u00e4tssicherung&#8220; _builder_version=&#8220;3.4.1&#8243;]<\/p>\n<h2>Qualit\u00e4tssicherung<\/h2>\n<p>[\/et_pb_text][et_pb_text _builder_version=&#8220;3.4.1&#8243;]<\/p>\n<ul>\n<ul>\n<li>Regelm\u00e4ssige Weiterbildung, Supervision und Fallbesprechungen sind selbstverst\u00e4ndlich.<\/li>\n<li>Ich bin Mitglied im Berufsverband SBAP, dadurch verpflichte ich mich zur Einhaltung dessen berufsethischer Grunds\u00e4tze. Dort sind u.a. die Bereiche Verantwortlichkeit, Schweigepflicht, Datenschutz und Gestaltung der beruflichen Beziehung geregelt.<\/li>\n<\/ul>\n<\/ul>\n<p>[\/et_pb_text][\/et_pb_column][\/et_pb_row][et_pb_row _builder_version=&#8220;3.7.1&#8243;][et_pb_column type=&#8220;4_4&#8243; _builder_version=&#8220;3.7.1&#8243; parallax=&#8220;off&#8220; parallax_method=&#8220;on&#8220;][et_pb_divider color=&#8220;#606060&#8243; _builder_version=&#8220;3.7.1&#8243;][\/et_pb_divider][\/et_pb_column][\/et_pb_row][et_pb_row custom_padding=&#8220;30px||30px|&#8220; custom_margin=&#8220;20px||20px|&#8220; _builder_version=&#8220;3.10.2&#8243; background_color=&#8220;#f5f5f5&#8243; module_alignment=&#8220;center&#8220;][et_pb_column type=&#8220;4_4&#8243; _builder_version=&#8220;3.0.47&#8243; parallax=&#8220;off&#8220; parallax_method=&#8220;on&#8220;][et_pb_text _builder_version=&#8220;3.7.1&#8243;]<\/p>\n<p style=\"text-align: center;\">Kontaktieren Sie mich.<\/p>\n<p>[\/et_pb_text][et_pb_button button_url=&#8220;https:\/\/christabot.ch\/ethik\/kontakt\/&#8220; button_text=&#8220;Kontakt&#8220; button_alignment=&#8220;center&#8220; _builder_version=&#8220;3.10.2&#8243;][\/et_pb_button][\/et_pb_column][\/et_pb_row][\/et_pb_section]<\/p>\n","protected":false},"excerpt":{"rendered":"<p>PersonChrista BotFachperson f\u00fcr Ethikan der Katholischen Hochschule Freiburg i.B.In meiner Laufbahn als Beraterin, Therapeutin, Projektleiterin und Dozentin habe ich meine Kompetenzen in den drei Hauptbereichen \u00abEthik\u00bb \u00abTherapie\u00bb und \u00abFamilie und Erziehung\u00bb vertieft. Mit diesem Spektrum an Erfahrung ist es mir m\u00f6glich Zusammenh\u00e4nge zu erkennen und ein tieferes Verst\u00e4ndnis der Situation zu erhalten. Sehen Sie meine [&hellip;]<\/p>\n","protected":false},"author":3,"featured_media":0,"parent":0,"menu_order":0,"comment_status":"closed","ping_status":"closed","template":"","meta":{"_et_pb_use_builder":"on","_et_pb_old_content":"","_et_gb_content_width":"","footnotes":""},"class_list":["post-56","page","type-page","status-publish","hentry"],"_links":{"self":[{"href":"https:\/\/christabot.ch\/ethik\/wp-json\/wp\/v2\/pages\/56","targetHints":{"allow":["GET"]}}],"collection":[{"href":"https:\/\/christabot.ch\/ethik\/wp-json\/wp\/v2\/pages"}],"about":[{"href":"https:\/\/christabot.ch\/ethik\/wp-json\/wp\/v2\/types\/page"}],"author":[{"embeddable":true,"href":"https:\/\/christabot.ch\/ethik\/wp-json\/wp\/v2\/users\/3"}],"replies":[{"embeddable":true,"href":"https:\/\/christabot.ch\/ethik\/wp-json\/wp\/v2\/comments?post=56"}],"version-history":[{"count":0,"href":"https:\/\/christabot.ch\/ethik\/wp-json\/wp\/v2\/pages\/56\/revisions"}],"wp:attachment":[{"href":"https:\/\/christabot.ch\/ethik\/wp-json\/wp\/v2\/media?parent=56"}],"curies":[{"name":"wp","href":"https:\/\/api.w.org\/{rel}","templated":true}]}}