{"id":2,"date":"2018-05-28T09:22:50","date_gmt":"2018-05-28T07:22:50","guid":{"rendered":"https:\/\/christabot.ch\/ethik\/?page_id=2"},"modified":"2019-02-18T09:48:25","modified_gmt":"2019-02-18T08:48:25","slug":"start","status":"publish","type":"page","link":"https:\/\/christabot.ch\/ethik\/","title":{"rendered":"Start"},"content":{"rendered":"<p>[et_pb_section fb_built=&#8220;1&#8243; module_class=&#8220;hero&#8220; _builder_version=&#8220;3.4.1&#8243; background_image=&#8220;https:\/\/christabot.ch\/ethik\/wp-content\/uploads\/sites\/2\/2018\/05\/Header-Ethik.jpg&#8220; custom_padding=&#8220;|||&#8220;][et_pb_row use_custom_width=&#8220;on&#8220; width_unit=&#8220;off&#8220; custom_width_percent=&#8220;100%&#8220; custom_padding=&#8220;|||&#8220; make_equal=&#8220;on&#8220; _builder_version=&#8220;3.4.1&#8243;][et_pb_column type=&#8220;4_4&#8243; _builder_version=&#8220;3.0.47&#8243; parallax=&#8220;off&#8220; parallax_method=&#8220;on&#8220;][et_pb_text _builder_version=&#8220;3.7&#8243; text_font=&#8220;|300||on|||||&#8220; text_font_size=&#8220;40px&#8220; text_letter_spacing=&#8220;2px&#8220; text_line_height=&#8220;1.4em&#8220; text_orientation=&#8220;center&#8220; background_layout=&#8220;dark&#8220; module_alignment=&#8220;center&#8220;]Ethik ist Nachdenken<br \/>\n\u00fcber das Leben<br \/>\n[\/et_pb_text][\/et_pb_column][\/et_pb_row][\/et_pb_section][et_pb_section fb_built=&#8220;1&#8243; _builder_version=&#8220;3.4.1&#8243;][et_pb_row _builder_version=&#8220;3.7.1&#8243;][et_pb_column type=&#8220;4_4&#8243; _builder_version=&#8220;3.0.47&#8243; parallax=&#8220;off&#8220; parallax_method=&#8220;on&#8220;][et_pb_text _builder_version=&#8220;3.4.1&#8243; text_font=&#8220;||||||||&#8220; text_orientation=&#8220;center&#8220;]<\/p>\n<h1>Klarheit schaffen<\/h1>\n<p>[\/et_pb_text][et_pb_text module_class=&#8220;text-big&#8220; _builder_version=&#8220;3.4.1&#8243; text_font=&#8220;||||||||&#8220; text_font_size=&#8220;22px&#8220; header_font=&#8220;||||||||&#8220; text_orientation=&#8220;center&#8220;]Nur ein Leben, in welchem wir unsere inneren Werte leben k\u00f6nnen, macht uns gl\u00fccklich und zufrieden. Doch welches sind unsere Werte?<br \/>\n[\/et_pb_text][et_pb_text _builder_version=&#8220;3.7.1&#8243; text_font=&#8220;||||||||&#8220; text_orientation=&#8220;center&#8220;]Das Bewusstwerden der eigenen Werte ist ein wichtiger Teil der Selbsterkennung und hilft uns in allen Lebenssituationen Entscheidungen besser f\u00e4llen zu k\u00f6nnen.\u00a0Ob in der Familie, privat oder im Gesch\u00e4ft, der Tag ist voller Handlungsm\u00f6glichkeiten\u00a0und wenn es nur schon die Wahl ist, etwas zu tun oder zu lassen. Viele sind heutzutage damit \u00fcberfordert und mit einem schwarz-weiss Handlungsschema nicht mehr zufrieden.<br \/>\nDa hilft eine professionelle Ethikberatung weiter.<br \/>\n[\/et_pb_text][\/et_pb_column][\/et_pb_row][et_pb_row _builder_version=&#8220;3.7.1&#8243;][et_pb_column type=&#8220;4_4&#8243; _builder_version=&#8220;3.0.47&#8243; parallax=&#8220;off&#8220; parallax_method=&#8220;on&#8220;][et_pb_divider color=&#8220;#606060&#8243; _builder_version=&#8220;3.7.1&#8243;][\/et_pb_divider][\/et_pb_column][\/et_pb_row][et_pb_row _builder_version=&#8220;3.4.1&#8243;][et_pb_column type=&#8220;4_4&#8243; _builder_version=&#8220;3.0.47&#8243; parallax=&#8220;off&#8220; parallax_method=&#8220;on&#8220;][et_pb_text _builder_version=&#8220;3.4.1&#8243; text_font=&#8220;||||||||&#8220; text_orientation=&#8220;center&#8220;]<\/p>\n<h2>beratung<\/h2>\n<p>[\/et_pb_text][et_pb_text _builder_version=&#8220;3.4.1&#8243; text_font=&#8220;||||||||&#8220; text_orientation=&#8220;center&#8220;]<\/p>\n<p>Die Ethikberatung befasst sich mit Haltungen und Wertvorstellungen von Einzelpersonen oder Mitgliedern in Gemeinschaften oder Organisationen. Im Einzelgespr\u00e4ch oder in der Gruppe werden die gew\u00fcnschten Werte herausgearbeitet und allf\u00e4llige Konflikte l\u00f6sungsorientiert und nachhaltig behandelt.\u00a0<\/p>\n<p>[\/et_pb_text][et_pb_button button_url=&#8220;https:\/\/christabot.ch\/ethik\/beratung\/&#8220; button_text=&#8220;Weiter&#8220; button_alignment=&#8220;center&#8220; _builder_version=&#8220;3.10.2&#8243; custom_margin=&#8220;26px|||&#8220;][\/et_pb_button][\/et_pb_column][\/et_pb_row][et_pb_row _builder_version=&#8220;3.7.1&#8243;][et_pb_column type=&#8220;4_4&#8243; _builder_version=&#8220;3.0.47&#8243; parallax=&#8220;off&#8220; parallax_method=&#8220;on&#8220;][et_pb_divider color=&#8220;#606060&#8243; _builder_version=&#8220;3.7.1&#8243;][\/et_pb_divider][\/et_pb_column][\/et_pb_row][et_pb_row custom_padding=&#8220;24px|0px|25px|0px&#8220; _builder_version=&#8220;3.15&#8243;][et_pb_column type=&#8220;4_4&#8243; _builder_version=&#8220;3.0.47&#8243; parallax=&#8220;off&#8220; parallax_method=&#8220;on&#8220;][et_pb_text _builder_version=&#8220;3.7.1&#8243; text_font=&#8220;||||||||&#8220; text_orientation=&#8220;center&#8220;]<\/p>\n<h2>Weiterbildungen<\/h2>\n<p>[\/et_pb_text][et_pb_text _builder_version=&#8220;3.4.1&#8243; text_font=&#8220;||||||||&#8220; text_orientation=&#8220;center&#8220;]Das Angebot der Ethik Weiterbildung richtet sich prim\u00e4r an\u00a0Entscheidungstr\u00e4ger, Teams, Gemeinschaften wie auch gr\u00f6sserem Publikum.\u00a0 In einer interaktiven Pr\u00e4sentation und in Workshops werden die hilfreichsten Techniken und die wertvollsten Inhalte meiner Ausbildung und meiner langj\u00e4hriger Praxiserfahrung als Beraterin vermittelt.<br \/>\n[\/et_pb_text][et_pb_button button_url=&#8220;https:\/\/christabot.ch\/ethik\/weiterbildungen\/&#8220; button_text=&#8220;Weiter&#8220; button_alignment=&#8220;center&#8220; _builder_version=&#8220;3.10.2&#8243; custom_margin=&#8220;26px|||&#8220;][\/et_pb_button][\/et_pb_column][\/et_pb_row][\/et_pb_section]<\/p>\n","protected":false},"excerpt":{"rendered":"<p>Ethik ist Nachdenken \u00fcber das Leben Klarheit schaffen Nur ein Leben, in welchem wir unsere inneren Werte leben k\u00f6nnen, macht uns gl\u00fccklich und zufrieden. Doch welches sind unsere Werte? Das Bewusstwerden der eigenen Werte ist ein wichtiger Teil der Selbsterkennung und hilft uns in allen Lebenssituationen Entscheidungen besser f\u00e4llen zu k\u00f6nnen.\u00a0Ob in der Familie, privat [&hellip;]<\/p>\n","protected":false},"author":3,"featured_media":0,"parent":0,"menu_order":0,"comment_status":"closed","ping_status":"open","template":"","meta":{"_et_pb_use_builder":"on","_et_pb_old_content":"","_et_gb_content_width":"","footnotes":""},"class_list":["post-2","page","type-page","status-publish","hentry"],"_links":{"self":[{"href":"https:\/\/christabot.ch\/ethik\/wp-json\/wp\/v2\/pages\/2","targetHints":{"allow":["GET"]}}],"collection":[{"href":"https:\/\/christabot.ch\/ethik\/wp-json\/wp\/v2\/pages"}],"about":[{"href":"https:\/\/christabot.ch\/ethik\/wp-json\/wp\/v2\/types\/page"}],"author":[{"embeddable":true,"href":"https:\/\/christabot.ch\/ethik\/wp-json\/wp\/v2\/users\/3"}],"replies":[{"embeddable":true,"href":"https:\/\/christabot.ch\/ethik\/wp-json\/wp\/v2\/comments?post=2"}],"version-history":[{"count":0,"href":"https:\/\/christabot.ch\/ethik\/wp-json\/wp\/v2\/pages\/2\/revisions"}],"wp:attachment":[{"href":"https:\/\/christabot.ch\/ethik\/wp-json\/wp\/v2\/media?parent=2"}],"curies":[{"name":"wp","href":"https:\/\/api.w.org\/{rel}","templated":true}]}}