{"id":116,"date":"2018-06-06T10:53:31","date_gmt":"2018-06-06T08:53:31","guid":{"rendered":"https:\/\/christabot.ch\/ethik\/?page_id=116"},"modified":"2023-05-04T15:22:07","modified_gmt":"2023-05-04T13:22:07","slug":"beratung","status":"publish","type":"page","link":"https:\/\/christabot.ch\/ethik\/beratung\/","title":{"rendered":"Beratung"},"content":{"rendered":"<p>[et_pb_section fb_built=&#8220;1&#8243; fullwidth=&#8220;on&#8220; _builder_version=&#8220;3.7&#8243; global_module=&#8220;135&#8243; global_colors_info=&#8220;{}&#8220;][et_pb_fullwidth_image src=&#8220;https:\/\/christabot.ch\/ethik\/wp-content\/uploads\/sites\/2\/2018\/06\/Header-schmal.jpg&#8220; admin_label=&#8220;Header Bild&#8220; _builder_version=&#8220;4.16&#8243; global_colors_info=&#8220;{}&#8220;]<\/p>\n<p>\u00a0<\/p>\n<p>[\/et_pb_fullwidth_image][\/et_pb_section][et_pb_section fb_built=&#8220;1&#8243; _builder_version=&#8220;4.16&#8243; global_colors_info=&#8220;{}&#8220;][et_pb_row _builder_version=&#8220;4.16&#8243; custom_padding=&#8220;24px|0px|24px|0|false|false&#8220; global_colors_info=&#8220;{}&#8220;][et_pb_column type=&#8220;4_4&#8243; _builder_version=&#8220;4.16&#8243; custom_padding=&#8220;|||&#8220; global_colors_info=&#8220;{}&#8220; custom_padding__hover=&#8220;|||&#8220;][et_pb_text admin_label=&#8220;\u00dcberschrift H1&#8243; _builder_version=&#8220;4.16&#8243; global_colors_info=&#8220;{}&#8220;]<\/p>\n<h1>Ethik beratung<\/h1>\n<p>[\/et_pb_text][et_pb_text admin_label=&#8220;Einleitung&#8220; module_class=&#8220;text-big&#8220; _builder_version=&#8220;4.16&#8243; global_colors_info=&#8220;{}&#8220;]<\/p>\n<p><span>Die Ethikberatung befasst sich mit Haltungen und Wertvorstellungen. Im Einzelgespr\u00e4ch oder in der Gruppe werden die gew\u00fcnschten Werte ausgearbeitet, die Umsetzung begleitet\u00a0und allf\u00e4llige Konflikte l\u00f6sungsorientiert und nachhaltig behandelt<\/span>.\u00a0<\/p>\n<p>[\/et_pb_text][et_pb_text _builder_version=&#8220;4.16&#8243; global_colors_info=&#8220;{}&#8220;]<\/p>\n<p>Eine klare Vorstellung der eigenen Werte hilft uns in allen Lebenssituationen, Entscheidungen besser f\u00e4llen zu k\u00f6nnen. Der Tag ist voller Handlungsm\u00f6glichkeiten\u00a0und wenn es nur schon die Wahl ist, etwas zu tun oder zu lassen. Viele sind heutzutage damit \u00fcberfordert und mit einem schwarz-weiss Handlungsschema nicht mehr zufrieden.\u00a0<br \/>Da hilft eine professionelle Ethikberatung weiter.<\/p>\n<p>[\/et_pb_text][\/et_pb_column][\/et_pb_row][et_pb_row _builder_version=&#8220;4.16&#8243; global_colors_info=&#8220;{}&#8220;][et_pb_column type=&#8220;4_4&#8243; _builder_version=&#8220;4.16&#8243; custom_padding=&#8220;|||&#8220; global_colors_info=&#8220;{}&#8220; custom_padding__hover=&#8220;|||&#8220;][et_pb_divider color=&#8220;#606060&#8243; _builder_version=&#8220;4.16&#8243; global_colors_info=&#8220;{}&#8220;][\/et_pb_divider][\/et_pb_column][\/et_pb_row][et_pb_row _builder_version=&#8220;4.16&#8243; custom_padding=&#8220;24px|0px|0|0px|false|false&#8220; global_colors_info=&#8220;{}&#8220;][et_pb_column type=&#8220;4_4&#8243; _builder_version=&#8220;4.16&#8243; custom_padding=&#8220;|||&#8220; global_colors_info=&#8220;{}&#8220; custom_padding__hover=&#8220;|||&#8220;][et_pb_text admin_label=&#8220;\u00dcberschrift H2&#8243; _builder_version=&#8220;4.16&#8243; global_colors_info=&#8220;{}&#8220;]<\/p>\n<h2>Die Beratung richtet sich an<\/h2>\n<p>[\/et_pb_text][et_pb_text _builder_version=&#8220;4.16&#8243; global_colors_info=&#8220;{}&#8220;]<\/p>\n<ul>\n<li>Einzelpersonen<\/li>\n<li>Leitungspersonen\u00a0(Gesch\u00e4ftsleiter\/in, Projektleiter\/in, Lehrpersonen, Teamleiter\/in\u00a0 usw.)<\/li>\n<li>Teams, Organisationen<\/li>\n<li>Gemeinschaften<\/li>\n<li>Familien<\/li>\n<li>Paare<\/li>\n<\/ul>\n<p>[\/et_pb_text][\/et_pb_column][\/et_pb_row][et_pb_row _builder_version=&#8220;4.16&#8243; global_colors_info=&#8220;{}&#8220;][et_pb_column type=&#8220;4_4&#8243; _builder_version=&#8220;4.16&#8243; custom_padding=&#8220;|||&#8220; global_colors_info=&#8220;{}&#8220; custom_padding__hover=&#8220;|||&#8220;][et_pb_divider color=&#8220;#606060&#8243; _builder_version=&#8220;4.16&#8243; global_colors_info=&#8220;{}&#8220;][\/et_pb_divider][\/et_pb_column][\/et_pb_row][et_pb_row _builder_version=&#8220;4.16&#8243; custom_padding=&#8220;24px|0px|17px|0px|false|false&#8220; global_colors_info=&#8220;{}&#8220;][et_pb_column type=&#8220;4_4&#8243; _builder_version=&#8220;4.16&#8243; custom_padding=&#8220;|||&#8220; global_colors_info=&#8220;{}&#8220; custom_padding__hover=&#8220;|||&#8220;][et_pb_text admin_label=&#8220;\u00dcberschrift H2&#8243; _builder_version=&#8220;4.16&#8243; global_colors_info=&#8220;{}&#8220;]<\/p>\n<h2>Preise<\/h2>\n<p>[\/et_pb_text][et_pb_text _builder_version=&#8220;4.21.0&#8243; global_colors_info=&#8220;{}&#8220;]<\/p>\n<p>F\u00fcr Einzelpersonen \/ Paare \/ Familien: CHF 180.- pro Beratungsstunde (55 Minuten)<\/p>\n<p>F\u00fcr Teams \/ Leitungspersonen \/ Gemeinschaften: nach Aufwand \/ Offerte<\/p>\n<p>Retro- oder prospektive Ethik Beratung von Einzelf\u00e4llen inklusive schriftlichem Bericht: CHF 395.-\u00a0pauschal<\/p>\n<p>Auf Wunsch ist eine andere Beratungsdauer m\u00f6glich.<\/p>\n<p>Terminannullierung:<br \/>Vereinbarte Termine k\u00f6nnen ohne Kostenfolge bis mindestens 24 Stunden im Voraus von Montag bis Freitag (ausgenommen sind Feiertage) annulliert werden.<\/p>\n<p>+ Wegpauschale je nach Umkreis<\/p>\n<ul>\n<li>0 &#8211; 10 km: CHF 0.-<\/li>\n<li>11 \u2013 20 km: CHF 25.-<\/li>\n<li>21 \u2013 30 km: CHF 40.-<\/li>\n<li>31 \u2013 50 km: CHF 70.-<\/li>\n<li>ab 50 km: auf Anfrage<\/li>\n<\/ul>\n<p>[\/et_pb_text][\/et_pb_column][\/et_pb_row][et_pb_row _builder_version=&#8220;4.16&#8243; global_colors_info=&#8220;{}&#8220;][et_pb_column type=&#8220;4_4&#8243; _builder_version=&#8220;4.16&#8243; custom_padding=&#8220;|||&#8220; global_colors_info=&#8220;{}&#8220; custom_padding__hover=&#8220;|||&#8220;][et_pb_divider color=&#8220;#606060&#8243; _builder_version=&#8220;4.16&#8243; global_colors_info=&#8220;{}&#8220;][\/et_pb_divider][\/et_pb_column][\/et_pb_row][et_pb_row _builder_version=&#8220;4.16&#8243; background_color=&#8220;#f5f5f5&#8243; module_alignment=&#8220;center&#8220; custom_margin=&#8220;20px||20px|&#8220; custom_padding=&#8220;30px||30px|&#8220; global_colors_info=&#8220;{}&#8220;][et_pb_column type=&#8220;4_4&#8243; _builder_version=&#8220;4.16&#8243; custom_padding=&#8220;|||&#8220; global_colors_info=&#8220;{}&#8220; custom_padding__hover=&#8220;|||&#8220;][et_pb_text _builder_version=&#8220;4.16&#8243; global_colors_info=&#8220;{}&#8220;]<\/p>\n<p style=\"text-align: center;\">Kontaktieren Sie mich bei Interesse.<\/p>\n<p>[\/et_pb_text][et_pb_button button_url=&#8220;https:\/\/christabot.ch\/ethik\/kontakt\/&#8220; button_text=&#8220;Kontakt&#8220; button_alignment=&#8220;center&#8220; _builder_version=&#8220;4.16&#8243; global_colors_info=&#8220;{}&#8220; button_text_size__hover_enabled=&#8220;off&#8220; button_one_text_size__hover_enabled=&#8220;off&#8220; button_two_text_size__hover_enabled=&#8220;off&#8220; button_text_color__hover_enabled=&#8220;off&#8220; button_one_text_color__hover_enabled=&#8220;off&#8220; button_two_text_color__hover_enabled=&#8220;off&#8220; button_border_width__hover_enabled=&#8220;off&#8220; button_one_border_width__hover_enabled=&#8220;off&#8220; button_two_border_width__hover_enabled=&#8220;off&#8220; button_border_color__hover_enabled=&#8220;off&#8220; button_one_border_color__hover_enabled=&#8220;off&#8220; button_two_border_color__hover_enabled=&#8220;off&#8220; button_border_radius__hover_enabled=&#8220;off&#8220; button_one_border_radius__hover_enabled=&#8220;off&#8220; button_two_border_radius__hover_enabled=&#8220;off&#8220; button_letter_spacing__hover_enabled=&#8220;off&#8220; button_one_letter_spacing__hover_enabled=&#8220;off&#8220; button_two_letter_spacing__hover_enabled=&#8220;off&#8220; button_bg_color__hover_enabled=&#8220;off&#8220; button_one_bg_color__hover_enabled=&#8220;off&#8220; button_two_bg_color__hover_enabled=&#8220;off&#8220;][\/et_pb_button][\/et_pb_column][\/et_pb_row][\/et_pb_section]<\/p>\n","protected":false},"excerpt":{"rendered":"<p>\u00a0Ethik beratungDie Ethikberatung befasst sich mit Haltungen und Wertvorstellungen. Im Einzelgespr\u00e4ch oder in der Gruppe werden die gew\u00fcnschten Werte ausgearbeitet, die Umsetzung begleitet\u00a0und allf\u00e4llige Konflikte l\u00f6sungsorientiert und nachhaltig behandelt.\u00a0Eine klare Vorstellung der eigenen Werte hilft uns in allen Lebenssituationen, Entscheidungen besser f\u00e4llen zu k\u00f6nnen. Der Tag ist voller Handlungsm\u00f6glichkeiten\u00a0und wenn es nur schon die Wahl [&hellip;]<\/p>\n","protected":false},"author":3,"featured_media":0,"parent":0,"menu_order":0,"comment_status":"closed","ping_status":"closed","template":"","meta":{"_et_pb_use_builder":"on","_et_pb_old_content":"","_et_gb_content_width":"","footnotes":""},"class_list":["post-116","page","type-page","status-publish","hentry"],"_links":{"self":[{"href":"https:\/\/christabot.ch\/ethik\/wp-json\/wp\/v2\/pages\/116","targetHints":{"allow":["GET"]}}],"collection":[{"href":"https:\/\/christabot.ch\/ethik\/wp-json\/wp\/v2\/pages"}],"about":[{"href":"https:\/\/christabot.ch\/ethik\/wp-json\/wp\/v2\/types\/page"}],"author":[{"embeddable":true,"href":"https:\/\/christabot.ch\/ethik\/wp-json\/wp\/v2\/users\/3"}],"replies":[{"embeddable":true,"href":"https:\/\/christabot.ch\/ethik\/wp-json\/wp\/v2\/comments?post=116"}],"version-history":[{"count":4,"href":"https:\/\/christabot.ch\/ethik\/wp-json\/wp\/v2\/pages\/116\/revisions"}],"predecessor-version":[{"id":463,"href":"https:\/\/christabot.ch\/ethik\/wp-json\/wp\/v2\/pages\/116\/revisions\/463"}],"wp:attachment":[{"href":"https:\/\/christabot.ch\/ethik\/wp-json\/wp\/v2\/media?parent=116"}],"curies":[{"name":"wp","href":"https:\/\/api.w.org\/{rel}","templated":true}]}}