{"id":108,"date":"2018-06-06T09:17:38","date_gmt":"2018-06-06T07:17:38","guid":{"rendered":"https:\/\/christabot.ch\/ethik\/?page_id=108"},"modified":"2018-09-27T20:43:34","modified_gmt":"2018-09-27T18:43:34","slug":"vortraege","status":"publish","type":"page","link":"https:\/\/christabot.ch\/ethik\/vortraege\/","title":{"rendered":"Vortr\u00e4ge"},"content":{"rendered":"<p>[et_pb_section fb_built=&#8220;1&#8243; fullwidth=&#8220;on&#8220; _builder_version=&#8220;3.7&#8243; global_module=&#8220;135&#8243;][et_pb_fullwidth_image src=&#8220;https:\/\/christabot.ch\/ethik\/wp-content\/uploads\/sites\/2\/2018\/06\/Header-schmal.jpg&#8220; admin_label=&#8220;Header Bild&#8220; _builder_version=&#8220;3.4.1&#8243;]<\/p>\n<p>\u00a0<\/p>\n<p>[\/et_pb_fullwidth_image][\/et_pb_section][et_pb_section fb_built=&#8220;1&#8243; _builder_version=&#8220;3.7&#8243;][et_pb_row _builder_version=&#8220;3.7&#8243;][et_pb_column type=&#8220;4_4&#8243; _builder_version=&#8220;3.7&#8243; parallax=&#8220;off&#8220; parallax_method=&#8220;on&#8220;][et_pb_text admin_label=&#8220;\u00dcberschrift H1&#8243; _builder_version=&#8220;3.7.1&#8243;]<\/p>\n<h1>Vortr\u00e4ge<\/h1>\n<p>[\/et_pb_text][et_pb_text admin_label=&#8220;Einleitung&#8220; module_class=&#8220;text-big&#8220; _builder_version=&#8220;3.7.1&#8243;]<\/p>\n<p>\u00d6ffentliche Vortr\u00e4ge von mir zum Thema Ethik in unserer Gesellschaft.<\/p>\n<p>[\/et_pb_text][\/et_pb_column][\/et_pb_row][et_pb_row _builder_version=&#8220;3.7.1&#8243;][et_pb_column type=&#8220;4_4&#8243; _builder_version=&#8220;3.7&#8243; parallax=&#8220;off&#8220; parallax_method=&#8220;on&#8220;][et_pb_divider color=&#8220;#606060&#8243; disabled_on=&#8220;off|off|off&#8220; _builder_version=&#8220;3.7.1&#8243;][\/et_pb_divider][\/et_pb_column][\/et_pb_row][et_pb_row _builder_version=&#8220;3.7.1&#8243;][et_pb_column type=&#8220;4_4&#8243; _builder_version=&#8220;3.7.1&#8243; parallax=&#8220;off&#8220; parallax_method=&#8220;on&#8220;][et_pb_text _builder_version=&#8220;3.7.1&#8243;]<\/p>\n<p>Im Moment sind keine \u00f6ffentlich zug\u00e4nglichen Vortr\u00e4ge ausgeschrieben.<\/p>\n<p>Sind Sie vielleicht interessiert an einer individuellen\u00a0<strong><a href=\"https:\/\/christabot.ch\/ethik\/weiterbildungen\">Ethik Weiterbildung<\/a><\/strong>?<\/p>\n<p>[\/et_pb_text][\/et_pb_column][\/et_pb_row][et_pb_row disabled_on=&#8220;on|on|on&#8220; _builder_version=&#8220;3.7.1&#8243;][et_pb_column type=&#8220;4_4&#8243; _builder_version=&#8220;3.7&#8243; parallax=&#8220;off&#8220; parallax_method=&#8220;on&#8220;][et_pb_text admin_label=&#8220;Kopfzeile Vortrag&#8220; _builder_version=&#8220;3.7&#8243;]<\/p>\n<h3>4. September 2018<\/h3>\n<h2>TITEL EINES VORTRAGES<\/h2>\n<p>[\/et_pb_text][et_pb_text _builder_version=&#8220;3.7&#8243;]<\/p>\n<p>Am faccusc ipsaped mi, ut liquae. Bistrum eum fugitati delia quatus rem sunt quaspit erum delibus exces eationsequi bero odi quae nimusae sequassum isciet qui oditatum que solore volenis debitas et dolore verupta tibus. Pa audandunt. Parchita voloritium exerehe nditia nonsed ut volupta tempore saperum quissernam il ius.<\/p>\n<p>[\/et_pb_text][et_pb_button button_url=&#8220;https:\/\/christabot.ch\/ethik\/kontakt\/#formular&#8220; button_text=&#8220;Anmeldung&#8220; _builder_version=&#8220;3.7&#8243;][\/et_pb_button][\/et_pb_column][\/et_pb_row][\/et_pb_section]<\/p>\n","protected":false},"excerpt":{"rendered":"<p>\u00a0Vortr\u00e4ge\u00d6ffentliche Vortr\u00e4ge von mir zum Thema Ethik in unserer Gesellschaft.Im Moment sind keine \u00f6ffentlich zug\u00e4nglichen Vortr\u00e4ge ausgeschrieben. Sind Sie vielleicht interessiert an einer individuellen\u00a0Ethik Weiterbildung?4. September 2018 TITEL EINES VORTRAGESAm faccusc ipsaped mi, ut liquae. Bistrum eum fugitati delia quatus rem sunt quaspit erum delibus exces eationsequi bero odi quae nimusae sequassum isciet qui oditatum [&hellip;]<\/p>\n","protected":false},"author":3,"featured_media":0,"parent":0,"menu_order":0,"comment_status":"closed","ping_status":"closed","template":"","meta":{"_et_pb_use_builder":"on","_et_pb_old_content":"","_et_gb_content_width":"","footnotes":""},"class_list":["post-108","page","type-page","status-publish","hentry"],"_links":{"self":[{"href":"https:\/\/christabot.ch\/ethik\/wp-json\/wp\/v2\/pages\/108","targetHints":{"allow":["GET"]}}],"collection":[{"href":"https:\/\/christabot.ch\/ethik\/wp-json\/wp\/v2\/pages"}],"about":[{"href":"https:\/\/christabot.ch\/ethik\/wp-json\/wp\/v2\/types\/page"}],"author":[{"embeddable":true,"href":"https:\/\/christabot.ch\/ethik\/wp-json\/wp\/v2\/users\/3"}],"replies":[{"embeddable":true,"href":"https:\/\/christabot.ch\/ethik\/wp-json\/wp\/v2\/comments?post=108"}],"version-history":[{"count":0,"href":"https:\/\/christabot.ch\/ethik\/wp-json\/wp\/v2\/pages\/108\/revisions"}],"wp:attachment":[{"href":"https:\/\/christabot.ch\/ethik\/wp-json\/wp\/v2\/media?parent=108"}],"curies":[{"name":"wp","href":"https:\/\/api.w.org\/{rel}","templated":true}]}}